{"id":102,"date":"2022-05-07T00:39:31","date_gmt":"2022-05-06T22:39:31","guid":{"rendered":"http:\/\/dhararcheologia.it\/?page_id=102"},"modified":"2023-06-27T11:07:12","modified_gmt":"2023-06-27T09:07:12","slug":"articoli","status":"publish","type":"page","link":"https:\/\/dhararcheologia.it\/index.php\/articoli\/","title":{"rendered":"ARTICOLI"},"content":{"rendered":"<p><script type=\"text\/javascript\"><br \/>\nvar _iub = _iub || [];<br \/>\n_iub.csConfiguration = {\"ccpaAcknowledgeOnDisplay\":true,\"ccpaApplies\":true,\"consentOnContinuedBrowsing\":false,\"enableCcpa\":true,\"floatingPreferencesButtonDisplay\":\"bottom-right\",\"invalidateConsentWithoutLog\":true,\"perPurposeConsent\":true,\"siteId\":2641337,\"whitelabel\":false,\"cookiePolicyId\":13121935,\"lang\":\"it\",\"cookiePolicyUrl\":\"https:\/\/www.iubenda.com\/privacy-policy\/13121935\",\"privacyPolicyUrl\":\"https:\/\/www.iubenda.com\/privacy-policy\/13121935\", \"banner\":{ \"acceptButtonDisplay\":true,\"closeButtonDisplay\":false,\"customizeButtonDisplay\":true,\"explicitWithdrawal\":true,\"listPurposes\":true,\"position\":\"float-top-center\",\"rejectButtonDisplay\":true }};<br \/>\n<\/script><br \/><script type=\"text\/javascript\" src=\"\/\/cdn.iubenda.com\/cs\/ccpa\/stub.js\"><\/script><br \/><script type=\"text\/javascript\" src=\"\/\/cdn.iubenda.com\/cs\/iubenda_cs.js\" charset=\"UTF-8\" async=\"\"><\/script><\/p>\n<h1>\u00a0Clicca sul titolo per leggere l&#8217;articolo!<\/h1>\n<p>\u00a0<\/p>\n<ul>\n<li>\n<h2><b><a href=\"http:\/\/dhararcheologia.it\/wp-content\/uploads\/2022\/06\/vayes-novaretto-.pdf\" target=\"_blank\" rel=\"noopener\">Percorsi Preistorici: Antiche Rotte Preistoriche in Bassa Valle di Susa da Vayes a Novaretto<\/a> (27 Giugno 2022)<\/b><\/h2>\n<p><b style=\"font-size: 14px;\">L&#8217;articolo ha come obiettivo quello di ri-tracciare e rintracciare una piccola parte del percorso preistorico che connetteva i due siti di Vayes e Novaretto attraverso l&#8217;analisi comparata delle evidenze archeologiche e dei toponimi. Clicca sul titolo per leggere l&#8217;articolo completo.\u00a0<\/b><\/p>\n<\/li>\n<\/ul>\n\n\n<figure class=\"wp-block-image size-large\"><img loading=\"lazy\" decoding=\"async\" width=\"1024\" height=\"683\" class=\"wp-image-407 aligncenter\" src=\"http:\/\/dhararcheologia.it\/wp-content\/uploads\/2022\/06\/IMG_4072-1024x683.jpg\" alt=\"\" srcset=\"https:\/\/dhararcheologia.it\/wp-content\/uploads\/2022\/06\/IMG_4072-1024x683.jpg 1024w, https:\/\/dhararcheologia.it\/wp-content\/uploads\/2022\/06\/IMG_4072-300x200.jpg 300w, https:\/\/dhararcheologia.it\/wp-content\/uploads\/2022\/06\/IMG_4072-768x512.jpg 768w, https:\/\/dhararcheologia.it\/wp-content\/uploads\/2022\/06\/IMG_4072-1536x1024.jpg 1536w, https:\/\/dhararcheologia.it\/wp-content\/uploads\/2022\/06\/IMG_4072-2048x1365.jpg 2048w\" sizes=\"auto, (max-width: 1024px) 100vw, 1024px\" \/><\/figure>\n\n\n<p>Tutto ci\u00f2 che \u00e8 presente su di questo sito web (testi, immagini, documentazione, fotografie, logo e la grafica sono di propriet\u00e0 di <strong>dhara archeologia e territorio \/dhararcoeologia.it\/<\/strong>)&nbsp;e &nbsp;sono protetti dal diritto d\u00b4autore e dal diritto di propriet\u00e0 intellettuale.<\/p>\n<p>E&#8217; assolutamente vietato copiare, appropriarsi, distribuire e riprodurre qualsiasi frase, contento o immagine presente su di questo sito perch\u00e8 frutto del lavoro e dell\u00b4autore o, per quanto riguarda immagini e fotografie &nbsp;di chi ha autorizzato esplicitamente l&#8217;autore all&#8217;uso (le immagini prese dal web sono sempre accompagnato da link che re-indirizza all&#8217;origine della fotografia).<\/p>\n<p>\u00c8 pertanto vietata la copia e la riproduzione dei contenuti e immagini in qualsiasi forma.<br>\n\u00c8 vietata la redistribuzione e la pubblicazione dei contenuti e delle immagini se non previa autorizzazione diretta dall\u00b4autore.<\/p>","protected":false},"excerpt":{"rendered":"<p>\u00a0Clicca sul titolo per leggere l&#8217;articolo! \u00a0 Percorsi Preistorici: Antiche Rotte Preistoriche in Bassa Valle di Susa da Vayes a Novaretto (27 Giugno 2022) L&#8217;articolo ha come obiettivo quello di ri-tracciare e rintracciare una piccola parte del percorso preistorico che connetteva i due siti di Vayes e Novaretto attraverso l&#8217;analisi comparata delle evidenze archeologiche e <a class=\"read-more\" href=\"https:\/\/dhararcheologia.it\/index.php\/articoli\/\">READ MORE<\/a><\/p>\n","protected":false},"author":1,"featured_media":0,"parent":0,"menu_order":0,"comment_status":"closed","ping_status":"closed","template":"","meta":{"_monsterinsights_skip_tracking":false,"_monsterinsights_sitenote_active":false,"_monsterinsights_sitenote_note":"","_monsterinsights_sitenote_category":0,"footnotes":""},"class_list":["post-102","page","type-page","status-publish","hentry"],"_links":{"self":[{"href":"https:\/\/dhararcheologia.it\/index.php\/wp-json\/wp\/v2\/pages\/102","targetHints":{"allow":["GET"]}}],"collection":[{"href":"https:\/\/dhararcheologia.it\/index.php\/wp-json\/wp\/v2\/pages"}],"about":[{"href":"https:\/\/dhararcheologia.it\/index.php\/wp-json\/wp\/v2\/types\/page"}],"author":[{"embeddable":true,"href":"https:\/\/dhararcheologia.it\/index.php\/wp-json\/wp\/v2\/users\/1"}],"replies":[{"embeddable":true,"href":"https:\/\/dhararcheologia.it\/index.php\/wp-json\/wp\/v2\/comments?post=102"}],"version-history":[{"count":6,"href":"https:\/\/dhararcheologia.it\/index.php\/wp-json\/wp\/v2\/pages\/102\/revisions"}],"predecessor-version":[{"id":410,"href":"https:\/\/dhararcheologia.it\/index.php\/wp-json\/wp\/v2\/pages\/102\/revisions\/410"}],"wp:attachment":[{"href":"https:\/\/dhararcheologia.it\/index.php\/wp-json\/wp\/v2\/media?parent=102"}],"curies":[{"name":"wp","href":"https:\/\/api.w.org\/{rel}","templated":true}]}}